{"id":607,"date":"2024-10-10T09:34:26","date_gmt":"2024-10-10T07:34:26","guid":{"rendered":"https:\/\/mema.unimi.it\/the-project\/metodologia\/"},"modified":"2025-10-27T13:05:50","modified_gmt":"2025-10-27T12:05:50","slug":"metodologia","status":"publish","type":"page","link":"https:\/\/mema.unimi.it\/en\/metodologia\/","title":{"rendered":"References"},"content":{"rendered":"\n<p>Archer, L., Dawson, E., DeWitt, J., Seakins, A., &amp; Wong, B. (2015). &#8220;Science capital&#8221;: A conceptual, methodological, and empirical argument for extending Bourdieusian notions of capital beyond the arts. <em>Journal of Research in Science Teaching, 52<\/em>(7), 922-948. <a href=\"https:\/\/doi.org\/10.1002\/tea.21227\">https:\/\/doi.org\/10.1002\/tea.21227<\/a><\/p>\n\n\n\n<p>Bini, G. (2021). How Spiderman can teach you math: The journey of memes from social media to mathematics classrooms. In J. H., Kalir, &amp; D. Filipiak, <em>Proceedings of the 2020 Connected Learning Summit <\/em>(Version 2) (pp. 20\u201327). Carnegie Mellon University, ETC Press, USA. <a href=\"https:\/\/doi.org\/10.1184\/R1\/13530038.v2\">https:\/\/doi.org\/10.1184\/R1\/13530038.v2<\/a><\/p>\n\n\n\n<p>Bini, G. (2022). MathMemeThon: How mathematical memes bring teachers and students together during Italy\u2019s pandemic lockdown. In Hodgen, J., Geraniou, E., Bolondi, G. &amp; Ferretti, F. (Eds.) <em>Proceedings of 12<sup>th<\/sup> Congress of European Society for Research in Mathematics Education<\/em> (pp. 2512\u20132513). Free University of Bozen-Bolzano and ERME. <a href=\"https:\/\/hal.science\/hal-03748308\">https:\/\/hal.science\/hal-03748308<\/a><\/p>\n\n\n\n<p>Bini, G. (2024). From the Web to the Mathematics Classroom: Investigating Internet Phenomena as Educational Resources in Mathematics. In B. Pepin, G. Gueudet, &amp; J. Choppin (Eds.), <em>Handbook of Digital Resources in Mathematics Education<\/em> (pp. 1\u201332). Springer International Handbooks of Education. Springer. <a href=\"https:\/\/doi.org\/10.1007\/978-3-030-95060-6_10-1\">https:\/\/doi.org\/10.1007\/978-3-030-95060-6_10-1<\/a><\/p>\n\n\n\n<p>Bini, G., Bikner-Ahsbahs, A. &amp; Robutti, O. (2023). \u201cHow to meme it\u201d: reverse engineering the creative process of mathematical Internet memes. <em>Educational Studies in Mathematics 112<\/em>(1), 141\u2013174. <a href=\"https:\/\/doi.org\/10.1007\/s10649-022-10173-1\">https:\/\/doi.org\/10.1007\/s10649-022-10173-1<\/a><\/p>\n\n\n\n<p>Bini, G., Robutti, O., &amp; Montagnani, M. (2021). When they tell you that i^56=1: Affordances of memes and GeoGebra in mathematics. <em>The International Journal for Technology in Mathematics Education, 28<\/em>(3), 143\u2013151. <a href=\"https:\/\/cloud.3dissue.com\/170388\/199108\/233436\/IJTME-Vol28-3-2021\/index.html\">https:\/\/cloud.3dissue.com\/170388\/199108\/233436\/IJTME-Vol28-3-2021\/index.html<\/a><\/p>\n\n\n\n<p>B\u00f6rzsei, L. K. (2013). Makes a Meme Instead: A Concise History of Internet Memes. <em>New Media Studies Magazine.<\/em>, <em>7<\/em>, 1\u201325.<\/p>\n\n\n\n<p>Bourdieu, P. (1986). The Forms of Capital. In J. Richardson (Ed.), <em>Handbook of Theory and Research for the Sociology of Education<\/em> (pp. 241\u2013258). Greenwood.<\/p>\n\n\n\n<p>Brown, T. (2010). Truth and the renewal of knowledge: The case of mathematics education. <em>Educational Studies in Mathematics, 75<\/em>(3), 329\u2013343.<a href=\"https:\/\/doi.org\/10.1007\/s10649-010-9259-0\"> <\/a><a href=\"https:\/\/doi.org\/10.1007\/s10649-010-9259-0\">https:\/\/doi.org\/10.1007\/s10649-010-9259-0<\/a><\/p>\n\n\n\n<p>Burton, L. (2009). The culture of mathematics and the mathematical culture. In O. Skovsmose, P. Valero, &amp; O. R. Christensen (Eds.), <em>University science and mathematics education in transition<\/em> (pp. 157\u2013170). Springer.<a href=\"https:\/\/doi.org\/10.1007\/978-0-387-09829-6_8\"> <\/a><a href=\"https:\/\/doi.org\/10.1007\/978-0-387-09829-6_8\">https:\/\/doi.org\/10.1007\/978-0-387-09829-6_8<\/a><\/p>\n\n\n\n<p>Carron, A., Widmeyer, W., &amp; Brawley, L. (1985). The development of an instrument to assess cohesion in sport teams: The Group Environment Questionnaire. <em>Journal of Sport and Exercise Psychology<\/em>, <em>7<\/em>(3), 244\u2013266. <a href=\"https:\/\/doi.org\/10.1123\/jsp.7.3.244\">https:\/\/doi.org\/10.1123\/jsp.7.3.244<\/a><\/p>\n\n\n\n<p>Choudry, S., Williams, J., &amp; Black, L. (2016). Peer relations and access to capital in the mathematics classroom: a Bourdieusian social network analysis. <em>British Journal of Sociology of Education<\/em>, <em>38<\/em>(7),1037\u20131053. <a href=\"https:\/\/doi.org\/10.1080\/01425692.2016.1245129\">https:\/\/doi.org\/10.1080\/01425692.2016.1245129<\/a><\/p>\n\n\n\n<p>Gagliani Caputo, S., Bini, G., Branchetti, L. &amp; Cusi, A. (2024). From chat to class: How online discussion framework enables to highlight critical elements of asynchronous class discussion. <em>Quaderni di Ricerca in Didattica (Mathematics)<\/em>. <em>Numero speciale 13<\/em>, 499\u2013508. G.R.I.M. Dipartimento di Matematica e Informatica, University of Palermo, Italy. <a href=\"https:\/\/sites.unipa.it\/grim\/CIEAEM74_Pproceedings_QRDM_Issue_2024_Suppl_13.pdf\">https:\/\/sites.unipa.it\/grim\/CIEAEM74_Pproceedings_QRDM_Issue_2024_Suppl_13.pdf<\/a><\/p>\n\n\n\n<p>Gillies, R. M. (2016). Cooperative learning: Review of research and practice. Australian Journal of Teacher Education, 41(3), 39\u201354. <a href=\"https:\/\/doi.org\/10.14221\/ajte.2016v41n3.3\">https:\/\/doi.org\/10.14221\/ajte.2016v41n3.3<\/a><\/p>\n\n\n\n<p>Kayali, N. K., &amp; Altuntas, A. (2021). Using Memes in the Language Classroom. <em>Shanlax International Journal of Education<\/em>, <em>9<\/em>(3), 155\u2013160.<\/p>\n\n\n\n<p>Leo, F. M., Fern\u00e1ndez-R\u00edo, J., Pulido, J. J., &amp; Garc\u00eda-Calvo, T. (2023). Assessing class cohesion in primary and secondary education: Development and preliminary validation of the class cohesion questionnaire. <em>Soc. Psychol. Educ.<\/em>, <em>26<\/em>(1), 141\u2013160. <a href=\"https:\/\/doi.org\/10.1007\/s11218-022-09738-y\">https:\/\/doi.org\/10.1007\/s11218-022-09738-y<\/a><\/p>\n\n\n\n<p>Marino, G. (2022). Semiotics of virality: From social contagion to Internet memes. <em>Signata<\/em>, <em>13<\/em>. <a href=\"https:\/\/doi.org\/10.4000\/signata.3936\">https:\/\/doi.org\/10.4000\/signata.3936<\/a><\/p>\n\n\n\n<p>Mattoni, A., &amp; Ceccobelli, D. (2018). Comparing hybrid media systems in the digital age: A theoretical framework for analysis.&nbsp;<em>European Journal of Communication<\/em>,&nbsp;<em>33<\/em>(5), 540-557.&nbsp;<a href=\"https:\/\/doi.org\/10.1177\/0267323118784831\">https:\/\/doi.org\/10.1177\/0267323118784831<\/a><\/p>\n\n\n\n<p>McLuhan, M. (1964). <em>Understanding media: The extensions of man<\/em>. McGraw-Hill Education.<\/p>\n\n\n\n<p>Moote, J., Archer, L., DeWitt, J., &amp; MacLeod, E. (2020). Science capital or STEM capital? Exploring relationships between science capital and technology, engineering, and maths aspirations and attitudes among young people aged 17\/18. Journal of Research in Science Teaching, 57(8), 1228-1249. <a href=\"https:\/\/doi.org\/10.1002\/tea.21628\">https:\/\/doi.org\/10.1002\/tea.21628<\/a> <\/p>\n\n\n\n<p>Mutua, D., &amp; Mwangi, W. (2023). Multimedia Integration of Mathematical Internet Memes into Mathematics Classrooms in Secondary School Curriculum. <em>International Journal of Membrane Science and Technology<\/em>, <em>10<\/em>, 973\u2013987. <a href=\"https:\/\/doi.org\/10.15379\/ijmst.v10i1.2691\">https:\/\/doi.org\/10.15379\/ijmst.v10i1.2691<\/a><\/p>\n\n\n\n<p>Nissenbaum, A., &amp; Shifman, L. (2017). Internet memes as contested cultural capital: The case of 4chan\u2019s \/b\/ board. <em>New Medi Soc. 19<\/em>(4), 483\u2013501. <a href=\"https:\/\/doi.org\/10.1177\/1461444815609313\">https:\/\/doi.org\/10.1177\/1461444815609313<\/a><\/p>\n\n\n\n<p>Shahbaz, A., Inam, F., Wasay, A., Mohsin, S., Siddiqi, Z., &amp; Qureshi, F. (2024). Study Through Memes: Using Memes as a Teaching Tool in Anatomy. <em>Proceedings<\/em>, <em>38<\/em>(2), Article 2. <a href=\"https:\/\/doi.org\/10.47489\/szmc.v38i2.483\">https:\/\/doi.org\/10.47489\/szmc.v38i2.483<\/a><\/p>\n\n\n\n<p>Sharif, A., Kasemy, Z. A., Rayan, A. H., Selim, H. M. R., Aloshari, S. H. A., &amp; Elkhamisy, F. A. A. (2024). Memes Adoption in Basic Medical Science Education as a Successful Learning Model: A Mixed Method Quasi-Experimental Study. <em>Advances in Medical Education and Practice<\/em>, <em>15<\/em>, 487\u2013500. <a href=\"https:\/\/doi.org\/10.2147\/AMEP.S461757\">https:\/\/doi.org\/10.2147\/AMEP.S461757<\/a><\/p>\n\n\n\n<p>Shifman, L. (2014). <em>Memes in Digital Culture<\/em>. The MIT Press. <a href=\"https:\/\/www.jstor.org\/stable\/j.ctt14bs14s\">https:\/\/www.jstor.org\/stable\/j.ctt14bs14s<\/a><\/p>\n\n\n\n<p>Tama-Rutigliano, K. (2019). Memes: A Digital Marketing Tool For Every Industry. <em>Forbes<\/em>. <a href=\"https:\/\/www.forbes.com\/sites\/forbescommunicationscouncil\/2018\/08\/10\/memes-a-digital-marketing-tool-for-every-industry\/\">https:\/\/www.forbes.com\/sites\/forbescommunicationscouncil\/2018\/08\/10\/memes-a-digital-marketing-tool-for-every-industry\/<\/a><\/p>\n\n\n\n<p>Williams, J., &amp; Choudry, S. (2016). Mathematics capital in the educational field: Bourdieu and beyond. <em>Research in Mathematics Education<\/em>, <em>18<\/em>(1), 3\u201321. <a href=\"https:\/\/doi.org\/10.1080\/14794802.2016.1141113\">https:\/\/doi.org\/10.1080\/14794802.2016.1141113<\/a><\/p>\n\n\n\n<p>Ypulse. (2019). 3 Stats That Show What Memes Mean to Gen Z &amp; Millennials. <em>YPulse<\/em>. <a href=\"https:\/\/www.ypulse.com\/article\/2019\/03\/05\/3-stats-that-show-what-memes-mean-to-gen-z-millennials\/\">https:\/\/www.ypulse.com\/article\/2019\/03\/05\/3-stats-that-show-what-memes-mean-to-gen-z-millennials\/<\/a><\/p>\n","protected":false},"excerpt":{"rendered":"<p>Archer, L., Dawson, E., DeWitt, J., Seakins, A., &amp; Wong, B. (2015). &#8220;Science capital&#8221;: A conceptual, methodological, and empirical argument for extending Bourdieusian notions of capital beyond the arts. Journal of Research in Science Teaching, 52(7), 922-948. https:\/\/doi.org\/10.1002\/tea.21227 Bini, G. (2021). How Spiderman can teach you math: The journey of memes from social media to [&hellip;]<\/p>\n","protected":false},"author":3,"featured_media":0,"parent":0,"menu_order":-80,"comment_status":"closed","ping_status":"closed","template":"","meta":{"_acf_changed":false,"footnotes":""},"class_list":["post-607","page","type-page","status-publish","hentry"],"acf":[],"_links":{"self":[{"href":"https:\/\/mema.unimi.it\/en\/wp-json\/wp\/v2\/pages\/607"}],"collection":[{"href":"https:\/\/mema.unimi.it\/en\/wp-json\/wp\/v2\/pages"}],"about":[{"href":"https:\/\/mema.unimi.it\/en\/wp-json\/wp\/v2\/types\/page"}],"author":[{"embeddable":true,"href":"https:\/\/mema.unimi.it\/en\/wp-json\/wp\/v2\/users\/3"}],"replies":[{"embeddable":true,"href":"https:\/\/mema.unimi.it\/en\/wp-json\/wp\/v2\/comments?post=607"}],"version-history":[{"count":5,"href":"https:\/\/mema.unimi.it\/en\/wp-json\/wp\/v2\/pages\/607\/revisions"}],"predecessor-version":[{"id":1287,"href":"https:\/\/mema.unimi.it\/en\/wp-json\/wp\/v2\/pages\/607\/revisions\/1287"}],"wp:attachment":[{"href":"https:\/\/mema.unimi.it\/en\/wp-json\/wp\/v2\/media?parent=607"}],"curies":[{"name":"wp","href":"https:\/\/api.w.org\/{rel}","templated":true}]}}